{"id":860,"date":"2017-07-09T08:23:00","date_gmt":"2017-07-09T06:23:00","guid":{"rendered":"https:\/\/www.ferronero.com\/designer\/"},"modified":"2018-03-02T11:35:00","modified_gmt":"2018-03-02T10:35:00","slug":"designer","status":"publish","type":"page","link":"https:\/\/www.ferronero.com\/es\/designer\/","title":{"rendered":"Designer"},"content":{"rendered":"\n<style type=\"text\/css\" data-created_by=\"avia_inline_auto\" id=\"style-css-av-av_two_third-6126cab7d8fab8d08143dd2dacdf673c\">\n.flex_column.av-av_two_third-6126cab7d8fab8d08143dd2dacdf673c{\nborder-radius:0px 0px 0px 0px;\npadding:0px 0px 0px 0px;\n}\n<\/style>\n<div  class='flex_column av-av_two_third-6126cab7d8fab8d08143dd2dacdf673c av_two_third  avia-builder-el-0  el_before_av_one_third  avia-builder-el-first  first flex_column_div av-zero-column-padding  '     ><p>\n<style type=\"text\/css\" data-created_by=\"avia_inline_auto\" id=\"style-css-av-av_heading-3931a858a1fb7d721cc2d7fc79ee95c8\">\n#top .av-special-heading.av-av_heading-3931a858a1fb7d721cc2d7fc79ee95c8{\npadding-bottom:10px;\n}\nbody .av-special-heading.av-av_heading-3931a858a1fb7d721cc2d7fc79ee95c8 .av-special-heading-tag .heading-char{\nfont-size:25px;\n}\n.av-special-heading.av-av_heading-3931a858a1fb7d721cc2d7fc79ee95c8 .av-subheading{\nfont-size:15px;\n}\n<\/style>\n<div  class='av-special-heading av-av_heading-3931a858a1fb7d721cc2d7fc79ee95c8 av-special-heading-h1 blockquote modern-quote  avia-builder-el-1  el_before_av_textblock  avia-builder-el-first '><h1 class='av-special-heading-tag '  itemprop=\"headline\"  >SANDRO MARINI ARQUITECTO<\/h1><div class=\"special-heading-border\"><div class=\"special-heading-inner-border\"><\/div><\/div><\/div><br \/>\n<section  class='av_textblock_section av-av_textblock-2de302bf1aa3cf4c9157dbe6f50ac7eb '   itemscope=\"itemscope\" itemtype=\"https:\/\/schema.org\/CreativeWork\" ><div class='avia_textblock'  itemprop=\"text\" ><p><strong>Sandro Marini<\/strong> nace en Terni el 4 de mayo 1969. En 1999 <strong>consigue su diploma en arquitectura<\/strong> en Florencia y aqu\u00ed abre su despacho como arquitecto empe\u00f1ado principalmente en la reestructuraci\u00f3n de interiores en los <strong>edificios hist\u00f3ricos<\/strong>.<\/p>\n<p>En el per\u00edodo 2000-2015 <strong>realiza numerosas viviendas privadas en Toscana y Umbr\u00eda, espacios para restaurantes y bares, <em>agriturismi<\/em> y restauraciones de monumentos<\/strong>.<\/p>\n<p>En 2003 nacen los primeros prototipos de radiador <strong>Ferronero<\/strong> y en 2006, bas\u00e1ndose en estos, nace la hom\u00f3nima empresa. Desde el 2006 hasta hoy han nacido y siguen naciendo <strong>decenas de modelos de radiadores de dise\u00f1o<\/strong>, cada vez <strong>m\u00e1s eficientes<\/strong> tecnol\u00f3gicamente, caracterizados por el <strong>dise\u00f1o minimalista<\/strong> y la capa de \u00f3xido.<\/p>\n<\/div><\/section><br \/>\n<div id='av-masonry-1' class='av-masonry av-av_masonry_gallery-a3d5c0b6b73d257593f9ae2ad38cb3f7 noHover av-fixed-size av-large-gap av-hover-overlay- av-masonry-animation-active av-masonry-col-3 av-caption-always av-caption-style- av-masonry-gallery ' data-post_id=\"860\"><div class=\"av-masonry-container isotope av-js-disabled\"><div class='av-masonry-entry isotope-item av-masonry-item-no-image '><\/div><a href=\"https:\/\/www.ferronero.com\/wp-content\/uploads\/2017\/07\/ferronero.com-sandro-marini_01.jpg\"  aria-label=\"image Sandro Marini &#8211; Architetto\"  id='av-masonry-1-item-2225' data-av-masonry-item='2225' class='av-masonry-entry isotope-item post-2225 attachment type-attachment status-inherit hentry  av-masonry-item-with-image' title=\"Sandro Marini &#8211; Architetto\" alt=\"\"    itemprop=\"thumbnailUrl\" ><div class='av-inner-masonry-sizer'><\/div><figure class='av-inner-masonry main_color'><div class=\"av-masonry-outerimage-container\"><div class='av-masonry-image-container' style=\"background-image: url(https:\/\/www.ferronero.com\/wp-content\/uploads\/2017\/07\/ferronero.com-sandro-marini_01-705x469.jpg);\"  title=\"Sandro Marini &#8211; Architetto\" ><\/div><\/div><\/figure><\/a><!--end av-masonry entry--><a href=\"https:\/\/www.ferronero.com\/wp-content\/uploads\/2017\/07\/ferronero.com-sandro-marini_04.jpg\"  aria-label=\"image Sandro Marini &#8211; Architetto\"  id='av-masonry-1-item-2230' data-av-masonry-item='2230' class='av-masonry-entry isotope-item post-2230 attachment type-attachment status-inherit hentry  av-masonry-item-with-image' title=\"Sandro Marini &#8211; Architetto\" alt=\"\"    itemprop=\"thumbnailUrl\" ><div class='av-inner-masonry-sizer'><\/div><figure class='av-inner-masonry main_color'><div class=\"av-masonry-outerimage-container\"><div class='av-masonry-image-container' style=\"background-image: url(https:\/\/www.ferronero.com\/wp-content\/uploads\/2017\/07\/ferronero.com-sandro-marini_04-469x705.jpg);\"  title=\"Sandro Marini &#8211; Architetto\" ><\/div><\/div><\/figure><\/a><!--end av-masonry entry--><a href=\"https:\/\/www.ferronero.com\/wp-content\/uploads\/2017\/07\/ferronero.com-sandro-marini_05.jpg\"  aria-label=\"image Sandro Marini &#8211; Architetto\"  id='av-masonry-1-item-2235' data-av-masonry-item='2235' class='av-masonry-entry isotope-item post-2235 attachment type-attachment status-inherit hentry  av-masonry-item-with-image' title=\"Sandro Marini &#8211; Architetto\" alt=\"\"    itemprop=\"thumbnailUrl\" ><div class='av-inner-masonry-sizer'><\/div><figure class='av-inner-masonry main_color'><div class=\"av-masonry-outerimage-container\"><div class='av-masonry-image-container' style=\"background-image: url(https:\/\/www.ferronero.com\/wp-content\/uploads\/2017\/07\/ferronero.com-sandro-marini_05-705x469.jpg);\"  title=\"Sandro Marini &#8211; Architetto\" ><\/div><\/div><\/figure><\/a><!--end av-masonry entry--><\/div><\/div><\/p><\/div>\n<style type=\"text\/css\" data-created_by=\"avia_inline_auto\" id=\"style-css-av-av_one_third-0aa7055fe62c3622faec82866afbaeb2\">\n.flex_column.av-av_one_third-0aa7055fe62c3622faec82866afbaeb2{\nborder-radius:0px 0px 0px 0px;\npadding:0px 0px 0px 0px;\n}\n<\/style>\n<div  class='flex_column av-av_one_third-0aa7055fe62c3622faec82866afbaeb2 av_one_third  avia-builder-el-4  el_after_av_two_third  avia-builder-el-last  flex_column_div av-zero-column-padding  '     ><style type=\"text\/css\" data-created_by=\"avia_inline_auto\" id=\"style-css-av-av_image-e4d24c472a994bf48d3d9d36521d02fc\">\n.avia-image-container.av-av_image-e4d24c472a994bf48d3d9d36521d02fc img.avia_image{\nbox-shadow:none;\n}\n.avia-image-container.av-av_image-e4d24c472a994bf48d3d9d36521d02fc .av-image-caption-overlay-center{\ncolor:#ffffff;\n}\n<\/style>\n<div  class='avia-image-container av-av_image-e4d24c472a994bf48d3d9d36521d02fc av-styling- avia-align-center  avia-builder-el-5  avia-builder-el-no-sibling '   itemprop=\"image\" itemscope=\"itemscope\" itemtype=\"https:\/\/schema.org\/ImageObject\" ><div class=\"avia-image-container-inner\"><div class=\"avia-image-overlay-wrap\"><img fetchpriority=\"high\" class='wp-image-2220 avia-img-lazy-loading-not-2220 avia_image ' src='https:\/\/www.ferronero.com\/wp-content\/uploads\/2017\/07\/ferronero.com-sandro-marini_03.jpg' alt='' title='Sandro Marini - Architetto'  height=\"1000\" width=\"664\"  itemprop=\"thumbnailUrl\"  \/><\/div><\/div><\/div><\/div><\/p>\n","protected":false},"excerpt":{"rendered":"","protected":false},"author":1,"featured_media":0,"parent":0,"menu_order":4,"comment_status":"closed","ping_status":"closed","template":"","meta":{"footnotes":""},"class_list":["post-860","page","type-page","status-publish","hentry"],"yoast_head":"<!-- This site is optimized with the Yoast SEO plugin v25.7 - https:\/\/yoast.com\/wordpress\/plugins\/seo\/ -->\n<title>Designer - Ferronero<\/title>\n<meta name=\"robots\" content=\"index, follow, max-snippet:-1, max-image-preview:large, max-video-preview:-1\" \/>\n<link rel=\"canonical\" href=\"https:\/\/www.ferronero.com\/es\/designer\/\" \/>\n<meta property=\"og:locale\" content=\"es_ES\" \/>\n<meta property=\"og:type\" content=\"article\" \/>\n<meta property=\"og:title\" content=\"Designer - Ferronero\" \/>\n<meta property=\"og:url\" content=\"https:\/\/www.ferronero.com\/es\/designer\/\" \/>\n<meta property=\"og:site_name\" content=\"Ferronero\" \/>\n<meta property=\"article:publisher\" content=\"https:\/\/www.facebook.com\/Ferronero-383241975191615\/?ref=hl\" \/>\n<meta property=\"article:modified_time\" content=\"2018-03-02T10:35:00+00:00\" \/>\n<meta name=\"twitter:card\" content=\"summary_large_image\" \/>\n<meta name=\"twitter:label1\" content=\"Tiempo de lectura\" \/>\n\t<meta name=\"twitter:data1\" content=\"2 minutos\" \/>\n<script type=\"application\/ld+json\" class=\"yoast-schema-graph\">{\"@context\":\"https:\/\/schema.org\",\"@graph\":[{\"@type\":\"WebPage\",\"@id\":\"https:\/\/www.ferronero.com\/es\/designer\/\",\"url\":\"https:\/\/www.ferronero.com\/es\/designer\/\",\"name\":\"Designer - Ferronero\",\"isPartOf\":{\"@id\":\"https:\/\/www.ferronero.com\/es\/#website\"},\"datePublished\":\"2017-07-09T06:23:00+00:00\",\"dateModified\":\"2018-03-02T10:35:00+00:00\",\"breadcrumb\":{\"@id\":\"https:\/\/www.ferronero.com\/es\/designer\/#breadcrumb\"},\"inLanguage\":\"es\",\"potentialAction\":[{\"@type\":\"ReadAction\",\"target\":[\"https:\/\/www.ferronero.com\/es\/designer\/\"]}]},{\"@type\":\"BreadcrumbList\",\"@id\":\"https:\/\/www.ferronero.com\/es\/designer\/#breadcrumb\",\"itemListElement\":[{\"@type\":\"ListItem\",\"position\":1,\"name\":\"Home\",\"item\":\"https:\/\/www.ferronero.com\/es\/\"},{\"@type\":\"ListItem\",\"position\":2,\"name\":\"Designer\"}]},{\"@type\":\"WebSite\",\"@id\":\"https:\/\/www.ferronero.com\/es\/#website\",\"url\":\"https:\/\/www.ferronero.com\/es\/\",\"name\":\"Ferronero\",\"description\":\"Design caloriferi radiatori - Termosifoni Ferronero\",\"publisher\":{\"@id\":\"https:\/\/www.ferronero.com\/es\/#organization\"},\"potentialAction\":[{\"@type\":\"SearchAction\",\"target\":{\"@type\":\"EntryPoint\",\"urlTemplate\":\"https:\/\/www.ferronero.com\/es\/?s={search_term_string}\"},\"query-input\":{\"@type\":\"PropertyValueSpecification\",\"valueRequired\":true,\"valueName\":\"search_term_string\"}}],\"inLanguage\":\"es\"},{\"@type\":\"Organization\",\"@id\":\"https:\/\/www.ferronero.com\/es\/#organization\",\"name\":\"Ferronero\",\"url\":\"https:\/\/www.ferronero.com\/es\/\",\"logo\":{\"@type\":\"ImageObject\",\"inLanguage\":\"es\",\"@id\":\"https:\/\/www.ferronero.com\/es\/#\/schema\/logo\/image\/\",\"url\":\"https:\/\/www.ferronero.com\/wp-content\/uploads\/2016\/11\/logo.png\",\"contentUrl\":\"https:\/\/www.ferronero.com\/wp-content\/uploads\/2016\/11\/logo.png\",\"width\":340,\"height\":156,\"caption\":\"Ferronero\"},\"image\":{\"@id\":\"https:\/\/www.ferronero.com\/es\/#\/schema\/logo\/image\/\"},\"sameAs\":[\"https:\/\/www.facebook.com\/Ferronero-383241975191615\/?ref=hl\",\"https:\/\/it.pinterest.com\/ferronero\/\",\"https:\/\/www.youtube.com\/watch?v=454_6oO2HKE&amp;amp;amp;feature=youtu.be\"]}]}<\/script>\n<!-- \/ Yoast SEO plugin. -->","yoast_head_json":{"title":"Designer - Ferronero","robots":{"index":"index","follow":"follow","max-snippet":"max-snippet:-1","max-image-preview":"max-image-preview:large","max-video-preview":"max-video-preview:-1"},"canonical":"https:\/\/www.ferronero.com\/es\/designer\/","og_locale":"es_ES","og_type":"article","og_title":"Designer - Ferronero","og_url":"https:\/\/www.ferronero.com\/es\/designer\/","og_site_name":"Ferronero","article_publisher":"https:\/\/www.facebook.com\/Ferronero-383241975191615\/?ref=hl","article_modified_time":"2018-03-02T10:35:00+00:00","twitter_card":"summary_large_image","twitter_misc":{"Tiempo de lectura":"2 minutos"},"schema":{"@context":"https:\/\/schema.org","@graph":[{"@type":"WebPage","@id":"https:\/\/www.ferronero.com\/es\/designer\/","url":"https:\/\/www.ferronero.com\/es\/designer\/","name":"Designer - Ferronero","isPartOf":{"@id":"https:\/\/www.ferronero.com\/es\/#website"},"datePublished":"2017-07-09T06:23:00+00:00","dateModified":"2018-03-02T10:35:00+00:00","breadcrumb":{"@id":"https:\/\/www.ferronero.com\/es\/designer\/#breadcrumb"},"inLanguage":"es","potentialAction":[{"@type":"ReadAction","target":["https:\/\/www.ferronero.com\/es\/designer\/"]}]},{"@type":"BreadcrumbList","@id":"https:\/\/www.ferronero.com\/es\/designer\/#breadcrumb","itemListElement":[{"@type":"ListItem","position":1,"name":"Home","item":"https:\/\/www.ferronero.com\/es\/"},{"@type":"ListItem","position":2,"name":"Designer"}]},{"@type":"WebSite","@id":"https:\/\/www.ferronero.com\/es\/#website","url":"https:\/\/www.ferronero.com\/es\/","name":"Ferronero","description":"Design caloriferi radiatori - Termosifoni Ferronero","publisher":{"@id":"https:\/\/www.ferronero.com\/es\/#organization"},"potentialAction":[{"@type":"SearchAction","target":{"@type":"EntryPoint","urlTemplate":"https:\/\/www.ferronero.com\/es\/?s={search_term_string}"},"query-input":{"@type":"PropertyValueSpecification","valueRequired":true,"valueName":"search_term_string"}}],"inLanguage":"es"},{"@type":"Organization","@id":"https:\/\/www.ferronero.com\/es\/#organization","name":"Ferronero","url":"https:\/\/www.ferronero.com\/es\/","logo":{"@type":"ImageObject","inLanguage":"es","@id":"https:\/\/www.ferronero.com\/es\/#\/schema\/logo\/image\/","url":"https:\/\/www.ferronero.com\/wp-content\/uploads\/2016\/11\/logo.png","contentUrl":"https:\/\/www.ferronero.com\/wp-content\/uploads\/2016\/11\/logo.png","width":340,"height":156,"caption":"Ferronero"},"image":{"@id":"https:\/\/www.ferronero.com\/es\/#\/schema\/logo\/image\/"},"sameAs":["https:\/\/www.facebook.com\/Ferronero-383241975191615\/?ref=hl","https:\/\/it.pinterest.com\/ferronero\/","https:\/\/www.youtube.com\/watch?v=454_6oO2HKE&amp;amp;amp;feature=youtu.be"]}]}},"_links":{"self":[{"href":"https:\/\/www.ferronero.com\/es\/wp-json\/wp\/v2\/pages\/860","targetHints":{"allow":["GET"]}}],"collection":[{"href":"https:\/\/www.ferronero.com\/es\/wp-json\/wp\/v2\/pages"}],"about":[{"href":"https:\/\/www.ferronero.com\/es\/wp-json\/wp\/v2\/types\/page"}],"author":[{"embeddable":true,"href":"https:\/\/www.ferronero.com\/es\/wp-json\/wp\/v2\/users\/1"}],"replies":[{"embeddable":true,"href":"https:\/\/www.ferronero.com\/es\/wp-json\/wp\/v2\/comments?post=860"}],"version-history":[{"count":2,"href":"https:\/\/www.ferronero.com\/es\/wp-json\/wp\/v2\/pages\/860\/revisions"}],"predecessor-version":[{"id":1282,"href":"https:\/\/www.ferronero.com\/es\/wp-json\/wp\/v2\/pages\/860\/revisions\/1282"}],"wp:attachment":[{"href":"https:\/\/www.ferronero.com\/es\/wp-json\/wp\/v2\/media?parent=860"}],"curies":[{"name":"wp","href":"https:\/\/api.w.org\/{rel}","templated":true}]}}