{"id":839,"date":"2016-11-01T16:13:16","date_gmt":"2016-11-01T15:13:16","guid":{"rendered":"https:\/\/www.ferronero.com\/serie\/progettati-per-voi\/"},"modified":"2018-03-20T02:49:34","modified_gmt":"2018-03-20T01:49:34","slug":"fuer-sie-entworfen","status":"publish","type":"page","link":"https:\/\/www.ferronero.com\/de\/serie\/fuer-sie-entworfen\/","title":{"rendered":"F\u00fcr sie entworfen"},"content":{"rendered":"<div class='clear'><\/div><div id='sub_menu1'  class='av-submenu-container av-av_submenu-68076edb18d9c90f741dfda6cc344cf9 main_color av-switch-768  avia-builder-el-0  el_before_av_section  avia-builder-el-first  av-sticky-submenu container_wrap fullsize' style='z-index:301' ><div class='container av-menu-mobile-active av-submenu-pos-center'><a href=\"#\" class=\"mobile_menu_toggle\"><span class='avia-svg-icon avia-font-svg_entypo-fontello' data-av_svg_icon='list' data-av_iconset='svg_entypo-fontello'><svg version=\"1.1\" xmlns=\"http:\/\/www.w3.org\/2000\/svg\" width=\"22\" height=\"32\" viewBox=\"0 0 22 32\" preserveAspectRatio=\"xMidYMid meet\" aria-labelledby='av-svg-title-1' aria-describedby='av-svg-desc-1' role=\"graphics-symbol\" aria-hidden=\"true\">\n<title id='av-svg-title-1'>List<\/title>\n<desc id='av-svg-desc-1'>List<\/desc>\n<path d=\"M3.2 20.8q0.64 0 1.12 0.48t0.48 1.12-0.48 1.12-1.12 0.48h-1.6q-0.64 0-1.12-0.48t-0.48-1.12 0.448-1.12 1.152-0.48h1.6zM3.2 14.4q0.64 0 1.12 0.48t0.48 1.12-0.48 1.12-1.12 0.48h-1.6q-0.64 0-1.12-0.48t-0.48-1.12 0.448-1.12 1.152-0.48h1.6zM3.2 8q0.64 0 1.12 0.48t0.48 1.12-0.48 1.12-1.12 0.48h-1.6q-0.64 0-1.12-0.48t-0.48-1.12 0.448-1.12 1.152-0.48h1.6zM9.6 11.2q-0.64 0-1.12-0.48t-0.48-1.12 0.48-1.12 1.12-0.48h11.2q0.704 0 1.152 0.48t0.448 1.12-0.48 1.12-1.12 0.48h-11.2zM20.8 14.4q0.704 0 1.152 0.48t0.448 1.12-0.48 1.12-1.12 0.48h-11.2q-0.64 0-1.12-0.48t-0.48-1.12 0.48-1.12 1.12-0.48h11.2zM20.8 20.8q0.704 0 1.152 0.48t0.448 1.12-0.48 1.12-1.12 0.48h-11.2q-0.64 0-1.12-0.48t-0.48-1.12 0.48-1.12 1.12-0.48h11.2z\"><\/path>\n<\/svg><\/span><span class=\"av-current-placeholder\">Men\u00fc<\/span><\/a><ul id=\"menu-sottomenu-de\" class=\"av-subnav-menu\" role=\"menu\"><li role=\"menuitem\" id=\"menu-item-998\" class=\"menu-item menu-item-type-post_type menu-item-object-page menu-item-top-level menu-item-top-level-1\"><a href=\"https:\/\/www.ferronero.com\/de\/serie\/quadro\/\" itemprop=\"url\" tabindex=\"0\"><span class=\"avia-bullet\"><\/span><span class=\"avia-menu-text\">Quadro<\/span><span class=\"avia-menu-fx\"><span class=\"avia-arrow-wrap\"><span class=\"avia-arrow\"><\/span><\/span><\/span><\/a><\/li>\n<li role=\"menuitem\" id=\"menu-item-997\" class=\"menu-item menu-item-type-post_type menu-item-object-page menu-item-top-level menu-item-top-level-2\"><a href=\"https:\/\/www.ferronero.com\/de\/serie\/totem\/\" itemprop=\"url\" tabindex=\"0\"><span class=\"avia-bullet\"><\/span><span class=\"avia-menu-text\">Totem<\/span><span class=\"avia-menu-fx\"><span class=\"avia-arrow-wrap\"><span class=\"avia-arrow\"><\/span><\/span><\/span><\/a><\/li>\n<li role=\"menuitem\" id=\"menu-item-996\" class=\"menu-item menu-item-type-post_type menu-item-object-page menu-item-top-level menu-item-top-level-3\"><a href=\"https:\/\/www.ferronero.com\/de\/serie\/piastra\/\" itemprop=\"url\" tabindex=\"0\"><span class=\"avia-bullet\"><\/span><span class=\"avia-menu-text\">Piastra<\/span><span class=\"avia-menu-fx\"><span class=\"avia-arrow-wrap\"><span class=\"avia-arrow\"><\/span><\/span><\/span><\/a><\/li>\n<li role=\"menuitem\" id=\"menu-item-995\" class=\"menu-item menu-item-type-post_type menu-item-object-page menu-item-top-level menu-item-top-level-4\"><a href=\"https:\/\/www.ferronero.com\/de\/serie\/zero\/\" itemprop=\"url\" tabindex=\"0\"><span class=\"avia-bullet\"><\/span><span class=\"avia-menu-text\">Zero<\/span><span class=\"avia-menu-fx\"><span class=\"avia-arrow-wrap\"><span class=\"avia-arrow\"><\/span><\/span><\/span><\/a><\/li>\n<li role=\"menuitem\" id=\"menu-item-994\" class=\"menu-item menu-item-type-post_type menu-item-object-page menu-item-top-level menu-item-top-level-5\"><a href=\"https:\/\/www.ferronero.com\/de\/serie\/solco\/\" itemprop=\"url\" tabindex=\"0\"><span class=\"avia-bullet\"><\/span><span class=\"avia-menu-text\">Solco<\/span><span class=\"avia-menu-fx\"><span class=\"avia-arrow-wrap\"><span class=\"avia-arrow\"><\/span><\/span><\/span><\/a><\/li>\n<li role=\"menuitem\" id=\"menu-item-993\" class=\"menu-item menu-item-type-post_type menu-item-object-page menu-item-top-level menu-item-top-level-6\"><a href=\"https:\/\/www.ferronero.com\/de\/serie\/fuer-sie-entworfen\/\" itemprop=\"url\" tabindex=\"0\"><span class=\"avia-bullet\"><\/span><span class=\"avia-menu-text\">F\u00fcr sie entworfen<\/span><span class=\"avia-menu-fx\"><span class=\"avia-arrow-wrap\"><span class=\"avia-arrow\"><\/span><\/span><\/span><\/a><\/li>\n<\/ul><\/div><\/div><div class='sticky_placeholder'><\/div>\n<div id='av_section_1'  class='avia-section av-av_section-bb9bdb22c7f9e6bf1d52c155825dc7f7 main_color avia-section-default avia-no-shadow  avia-builder-el-1  el_after_av_submenu  avia-builder-el-last  avia-bg-style-scroll container_wrap fullsize'  ><div class='container av-section-cont-open' ><div class='template-page content  av-content-full alpha units'><div class='post-entry post-entry-type-page post-entry-839'><div class='entry-content-wrapper clearfix'>\n<div class='flex_column_table av-av_one_third-169e5a607a277699ae4d12b1f6626805 sc-av_one_third av-equal-height-column-flextable'>\n<style type=\"text\/css\" data-created_by=\"avia_inline_auto\" id=\"style-css-av-av_one_third-169e5a607a277699ae4d12b1f6626805\">\n.flex_column.av-av_one_third-169e5a607a277699ae4d12b1f6626805{\nborder-radius:0px 0px 0px 0px;\npadding:0px 0px 0px 0px;\n}\n<\/style>\n<div  class='flex_column av-av_one_third-169e5a607a277699ae4d12b1f6626805 av_one_third  avia-builder-el-2  el_before_av_two_third  avia-builder-el-first  first flex_column_table_cell av-equal-height-column av-align-middle av-zero-column-padding  '     ><style type=\"text\/css\" data-created_by=\"avia_inline_auto\" id=\"style-css-av-av_heading-900daec02aa3f73e12900cb01865d388\">\n#top .av-special-heading.av-av_heading-900daec02aa3f73e12900cb01865d388{\npadding-bottom:10px;\nfont-size:28px;\n}\nbody .av-special-heading.av-av_heading-900daec02aa3f73e12900cb01865d388 .av-special-heading-tag .heading-char{\nfont-size:25px;\n}\n#top #wrap_all .av-special-heading.av-av_heading-900daec02aa3f73e12900cb01865d388 .av-special-heading-tag{\nfont-size:28px;\n}\n.av-special-heading.av-av_heading-900daec02aa3f73e12900cb01865d388 .av-subheading{\nfont-size:15px;\n}\n\n@media only screen and (min-width: 480px) and (max-width: 767px){ \n#top #wrap_all .av-special-heading.av-av_heading-900daec02aa3f73e12900cb01865d388 .av-special-heading-tag{\nfont-size:0.8em;\n}\n}\n\n@media only screen and (max-width: 479px){ \n#top #wrap_all .av-special-heading.av-av_heading-900daec02aa3f73e12900cb01865d388 .av-special-heading-tag{\nfont-size:0.8em;\n}\n}\n<\/style>\n<div  class='av-special-heading av-av_heading-900daec02aa3f73e12900cb01865d388 av-special-heading-h3 blockquote modern-quote modern-centered  avia-builder-el-3  avia-builder-el-no-sibling  av-inherit-size'><h3 class='av-special-heading-tag '  itemprop=\"headline\"  >Unsere Projekte lassen sich von Ihren Ideen inspirieren, werden f\u00fcr Sie entwickelt und nach ihrem Bedarf verwirklicht.<\/h3><div class='av-subheading av-subheading_below'><p>Viele Produkte entstehen aus Ideen und Vorschl\u00e4gen unserer Kunden. Unsere Entw\u00fcrfe entsprechen ihre W\u00fcnsche oder die Eigenschaften des Raumes, in dem der Heizk\u00f6rper sich befinden wird. Die Standard-Modelle werden daher ge\u00e4ndert, angepasst oder bei null wieder entworfen. Wir pr\u00fcfen und berechnen den Energiebedarf der jeweiligen R\u00e4ume je nach dem Grundriss des Geb\u00e4udes in direkter Zusammenarbeit per Telefon und per E-Mail. Das f\u00fchrt zu einzigartigen Produkten, architektonischen Elementen, die am besten mit ihrer Umgebung integriert sind.<\/p>\n<\/div><div class=\"special-heading-border\"><div class=\"special-heading-inner-border\"><\/div><\/div><\/div><\/div><div class='av-flex-placeholder'><\/div>\n<style type=\"text\/css\" data-created_by=\"avia_inline_auto\" id=\"style-css-av-av_two_third-0aa7055fe62c3622faec82866afbaeb2\">\n.flex_column.av-av_two_third-0aa7055fe62c3622faec82866afbaeb2{\nborder-radius:0px 0px 0px 0px;\npadding:0px 0px 0px 0px;\n}\n<\/style>\n<div  class='flex_column av-av_two_third-0aa7055fe62c3622faec82866afbaeb2 av_two_third  avia-builder-el-4  el_after_av_one_third  avia-builder-el-last  flex_column_table_cell av-equal-height-column av-align-middle av-zero-column-padding  '     ><div  class='avia-slideshow av-av_slideshow-abd5978f30a1b35edbcfc6fe0fe814e8 avia-slideshow-featured av_slideshow avia-slide-slider  avia-builder-el-5  avia-builder-el-no-sibling  av-slideshow-ui av-control-default av-slideshow-manual av-loop-once av-loop-manual-endless av-default-height-applied avia-slideshow-1' data-slideshow-options=\"{&quot;animation&quot;:&quot;slide&quot;,&quot;autoplay&quot;:false,&quot;loop_autoplay&quot;:&quot;once&quot;,&quot;interval&quot;:5,&quot;loop_manual&quot;:&quot;manual-endless&quot;,&quot;autoplay_stopper&quot;:false,&quot;noNavigation&quot;:false,&quot;bg_slider&quot;:false,&quot;keep_padding&quot;:false,&quot;hoverpause&quot;:false,&quot;show_slide_delay&quot;:0}\"  itemprop=\"image\" itemscope=\"itemscope\" itemtype=\"https:\/\/schema.org\/ImageObject\" ><ul class='avia-slideshow-inner ' style='padding-bottom: 66.153846153846%;'><li  class='avia-slideshow-slide av-av_slideshow-abd5978f30a1b35edbcfc6fe0fe814e8__0  slide-1 slide-odd'><div data-rel='slideshow-1' class='avia-slide-wrap '   ><img fetchpriority=\"high\" class=\"wp-image-1758 avia-img-lazy-loading-not-1758\"  src='https:\/\/www.ferronero.com\/wp-content\/uploads\/2016\/11\/16-1-650x430.jpg' width='650' height='430' title='16' alt=''  itemprop=\"thumbnailUrl\"   \/><\/div><\/li><li  class='avia-slideshow-slide av-av_slideshow-abd5978f30a1b35edbcfc6fe0fe814e8__1  slide-2 slide-even'><div data-rel='slideshow-1' class='avia-slide-wrap '   ><img fetchpriority=\"high\" class=\"wp-image-1903 avia-img-lazy-loading-not-1903\"  src='https:\/\/www.ferronero.com\/wp-content\/uploads\/2016\/11\/45-660x430.jpg' width='660' height='430' title='45' alt=''  itemprop=\"thumbnailUrl\"   \/><\/div><\/li><li  class='avia-slideshow-slide av-av_slideshow-abd5978f30a1b35edbcfc6fe0fe814e8__2  slide-3 slide-odd'><div data-rel='slideshow-1' class='avia-slide-wrap '   ><img fetchpriority=\"high\" class=\"wp-image-1703 avia-img-lazy-loading-not-1703\"  src='https:\/\/www.ferronero.com\/wp-content\/uploads\/2016\/11\/05-1-687x430.jpg' width='687' height='430' title='05' alt=''  itemprop=\"thumbnailUrl\"   \/><\/div><\/li><li  class='avia-slideshow-slide av-av_slideshow-abd5978f30a1b35edbcfc6fe0fe814e8__3  slide-4 slide-even'><div data-rel='slideshow-1' class='avia-slide-wrap '   ><img fetchpriority=\"high\" class=\"wp-image-1773 avia-img-lazy-loading-not-1773\"  src='https:\/\/www.ferronero.com\/wp-content\/uploads\/2016\/11\/19-650x430.jpg' width='650' height='430' title='19' alt=''  itemprop=\"thumbnailUrl\"   \/><\/div><\/li><li  class='avia-slideshow-slide av-av_slideshow-abd5978f30a1b35edbcfc6fe0fe814e8__4  slide-5 slide-odd'><div data-rel='slideshow-1' class='avia-slide-wrap '   ><img fetchpriority=\"high\" class=\"wp-image-1593 avia-img-lazy-loading-not-1593\"  src='https:\/\/www.ferronero.com\/wp-content\/uploads\/2016\/11\/09-687x430.jpg' width='687' height='430' title='09' alt=''  itemprop=\"thumbnailUrl\"   \/><\/div><\/li><li  class='avia-slideshow-slide av-av_slideshow-abd5978f30a1b35edbcfc6fe0fe814e8__5  slide-6 slide-even'><div data-rel='slideshow-1' class='avia-slide-wrap '   ><img fetchpriority=\"high\" class=\"wp-image-1908 avia-img-lazy-loading-not-1908\"  src='https:\/\/www.ferronero.com\/wp-content\/uploads\/2016\/11\/46-650x430.jpg' width='650' height='430' title='46' alt=''  itemprop=\"thumbnailUrl\"   \/><\/div><\/li><li  class='avia-slideshow-slide av-av_slideshow-abd5978f30a1b35edbcfc6fe0fe814e8__6  slide-7 slide-odd'><div data-rel='slideshow-1' class='avia-slide-wrap '   ><img fetchpriority=\"high\" class=\"wp-image-1913 avia-img-lazy-loading-not-1913\"  src='https:\/\/www.ferronero.com\/wp-content\/uploads\/2016\/11\/47-660x430.jpg' width='660' height='430' title='47' alt=''  itemprop=\"thumbnailUrl\"   \/><\/div><\/li><li  class='avia-slideshow-slide av-av_slideshow-abd5978f30a1b35edbcfc6fe0fe814e8__7  slide-8 slide-even'><div data-rel='slideshow-1' class='avia-slide-wrap '   ><img fetchpriority=\"high\" class=\"wp-image-1788 avia-img-lazy-loading-not-1788\"  src='https:\/\/www.ferronero.com\/wp-content\/uploads\/2016\/11\/22-687x430.jpg' width='687' height='430' title='22' alt=''  itemprop=\"thumbnailUrl\"   \/><\/div><\/li><li  class='avia-slideshow-slide av-av_slideshow-abd5978f30a1b35edbcfc6fe0fe814e8__8  slide-9 slide-odd'><div data-rel='slideshow-1' class='avia-slide-wrap '   ><img fetchpriority=\"high\" class=\"wp-image-1918 avia-img-lazy-loading-not-1918\"  src='https:\/\/www.ferronero.com\/wp-content\/uploads\/2016\/11\/48-660x430.jpg' width='660' height='430' title='48' alt=''  itemprop=\"thumbnailUrl\"   \/><\/div><\/li><li  class='avia-slideshow-slide av-av_slideshow-abd5978f30a1b35edbcfc6fe0fe814e8__9  slide-10 slide-even'><div data-rel='slideshow-1' class='avia-slide-wrap '   ><img fetchpriority=\"high\" class=\"wp-image-1728 avia-img-lazy-loading-not-1728\"  src='https:\/\/www.ferronero.com\/wp-content\/uploads\/2016\/11\/10-1-695x430.jpg' width='695' height='430' title='10' alt=''  itemprop=\"thumbnailUrl\"   \/><\/div><\/li><li  class='avia-slideshow-slide av-av_slideshow-abd5978f30a1b35edbcfc6fe0fe814e8__10  slide-11 slide-odd'><div data-rel='slideshow-1' class='avia-slide-wrap '   ><img fetchpriority=\"high\" class=\"wp-image-1933 avia-img-lazy-loading-not-1933\"  src='https:\/\/www.ferronero.com\/wp-content\/uploads\/2016\/11\/51-613x430.jpg' width='613' height='430' title='51' alt=''  itemprop=\"thumbnailUrl\"   \/><\/div><\/li><li  class='avia-slideshow-slide av-av_slideshow-abd5978f30a1b35edbcfc6fe0fe814e8__11  slide-12 slide-even'><div data-rel='slideshow-1' class='avia-slide-wrap '   ><img fetchpriority=\"high\" class=\"wp-image-1943 avia-img-lazy-loading-not-1943\"  src='https:\/\/www.ferronero.com\/wp-content\/uploads\/2016\/11\/53-650x430.jpg' width='650' height='430' title='53' alt=''  itemprop=\"thumbnailUrl\"   \/><\/div><\/li><li  class='avia-slideshow-slide av-av_slideshow-abd5978f30a1b35edbcfc6fe0fe814e8__12  slide-13 slide-odd'><div data-rel='slideshow-1' class='avia-slide-wrap '   ><img fetchpriority=\"high\" class=\"wp-image-1953 avia-img-lazy-loading-not-1953\"  src='https:\/\/www.ferronero.com\/wp-content\/uploads\/2016\/11\/55-613x430.jpg' width='613' height='430' title='55' alt=''  itemprop=\"thumbnailUrl\"   \/><\/div><\/li><li  class='avia-slideshow-slide av-av_slideshow-abd5978f30a1b35edbcfc6fe0fe814e8__13  slide-14 slide-even'><div data-rel='slideshow-1' class='avia-slide-wrap '   ><img fetchpriority=\"high\" class=\"wp-image-1948 avia-img-lazy-loading-not-1948\"  src='https:\/\/www.ferronero.com\/wp-content\/uploads\/2016\/11\/54-693x430.jpg' width='693' height='430' title='54' alt=''  itemprop=\"thumbnailUrl\"   \/><\/div><\/li><li  class='avia-slideshow-slide av-av_slideshow-abd5978f30a1b35edbcfc6fe0fe814e8__14  slide-15 slide-odd'><div data-rel='slideshow-1' class='avia-slide-wrap '   ><img fetchpriority=\"high\" class=\"wp-image-1843 avia-img-lazy-loading-not-1843\"  src='https:\/\/www.ferronero.com\/wp-content\/uploads\/2016\/11\/33-635x430.jpg' width='635' height='430' title='33' alt=''  itemprop=\"thumbnailUrl\"   \/><\/div><\/li><\/ul><div class='avia-slideshow-arrows avia-slideshow-controls' ><a href='#prev' class='prev-slide  avia-svg-icon avia-font-svg_entypo-fontello' data-av_svg_icon='left-open-big' data-av_iconset='svg_entypo-fontello' tabindex='-1' title=\"Zur\u00fcck\"><svg version=\"1.1\" xmlns=\"http:\/\/www.w3.org\/2000\/svg\" width=\"15\" height=\"32\" viewBox=\"0 0 15 32\" preserveAspectRatio=\"xMidYMid meet\" aria-labelledby='av-svg-title-2' aria-describedby='av-svg-desc-2' role=\"graphics-symbol\" aria-hidden=\"true\">\n<title id='av-svg-title-2'>Zur\u00fcck<\/title>\n<desc id='av-svg-desc-2'>Zur\u00fcck<\/desc>\n<path d=\"M14.464 27.84q0.832 0.832 0 1.536-0.832 0.832-1.536 0l-12.544-12.608q-0.768-0.768 0-1.6l12.544-12.608q0.704-0.832 1.536 0 0.832 0.704 0 1.536l-11.456 11.904z\"><\/path>\n<\/svg><span class='avia_hidden_link_text'>Zur\u00fcck<\/span><\/a><a href='#next' class='next-slide  avia-svg-icon avia-font-svg_entypo-fontello' data-av_svg_icon='right-open-big' data-av_iconset='svg_entypo-fontello' tabindex='-1' title=\"Weiter\"><svg version=\"1.1\" xmlns=\"http:\/\/www.w3.org\/2000\/svg\" width=\"15\" height=\"32\" viewBox=\"0 0 15 32\" preserveAspectRatio=\"xMidYMid meet\" aria-labelledby='av-svg-title-3' aria-describedby='av-svg-desc-3' role=\"graphics-symbol\" aria-hidden=\"true\">\n<title id='av-svg-title-3'>Weiter<\/title>\n<desc id='av-svg-desc-3'>Weiter<\/desc>\n<path d=\"M0.416 27.84l11.456-11.84-11.456-11.904q-0.832-0.832 0-1.536 0.832-0.832 1.536 0l12.544 12.608q0.768 0.832 0 1.6l-12.544 12.608q-0.704 0.832-1.536 0-0.832-0.704 0-1.536z\"><\/path>\n<\/svg><span class='avia_hidden_link_text'>Weiter<\/span><\/a><\/div><div class='avia-slideshow-dots avia-slideshow-controls'><a href='#1' class='goto-slide active' >1<\/a><a href='#2' class='goto-slide ' >2<\/a><a href='#3' class='goto-slide ' >3<\/a><a href='#4' class='goto-slide ' >4<\/a><a href='#5' class='goto-slide ' >5<\/a><a href='#6' class='goto-slide ' >6<\/a><a href='#7' class='goto-slide ' >7<\/a><a href='#8' class='goto-slide ' >8<\/a><a href='#9' class='goto-slide ' >9<\/a><a href='#10' class='goto-slide ' >10<\/a><a href='#11' class='goto-slide ' >11<\/a><a href='#12' class='goto-slide ' >12<\/a><a href='#13' class='goto-slide ' >13<\/a><a href='#14' class='goto-slide ' >14<\/a><a href='#15' class='goto-slide ' >15<\/a><\/div><\/div><\/div><\/div><!--close column table wrapper. Autoclose: 1 -->\n","protected":false},"excerpt":{"rendered":"","protected":false},"author":1,"featured_media":0,"parent":831,"menu_order":0,"comment_status":"closed","ping_status":"closed","template":"","meta":{"footnotes":""},"class_list":["post-839","page","type-page","status-publish","hentry"],"yoast_head":"<!-- This site is optimized with the Yoast SEO plugin v25.7 - https:\/\/yoast.com\/wordpress\/plugins\/seo\/ -->\n<title>Radiatori artigianali Ferronero: progettati per voi<\/title>\n<meta name=\"description\" content=\"Radiatori artigianali Ferronero: progettati per voi. Ispirati dalle vostre idee e realizzati su misura per le vostre esigenze.\" \/>\n<meta name=\"robots\" content=\"index, follow, max-snippet:-1, max-image-preview:large, max-video-preview:-1\" \/>\n<link rel=\"canonical\" href=\"https:\/\/www.ferronero.com\/de\/serie\/fuer-sie-entworfen\/\" \/>\n<meta property=\"og:locale\" content=\"de_DE\" \/>\n<meta property=\"og:type\" content=\"article\" \/>\n<meta property=\"og:title\" content=\"Radiatori artigianali Ferronero: progettati per voi\" \/>\n<meta property=\"og:description\" content=\"Radiatori artigianali Ferronero: progettati per voi. Ispirati dalle vostre idee e realizzati su misura per le vostre esigenze.\" \/>\n<meta property=\"og:url\" content=\"https:\/\/www.ferronero.com\/de\/serie\/fuer-sie-entworfen\/\" \/>\n<meta property=\"og:site_name\" content=\"Ferronero\" \/>\n<meta property=\"article:publisher\" content=\"https:\/\/www.facebook.com\/Ferronero-383241975191615\/?ref=hl\" \/>\n<meta property=\"article:modified_time\" content=\"2018-03-20T01:49:34+00:00\" \/>\n<meta name=\"twitter:card\" content=\"summary_large_image\" \/>\n<meta name=\"twitter:label1\" content=\"Gesch\u00e4tzte Lesezeit\" \/>\n\t<meta name=\"twitter:data1\" content=\"3\u00a0Minuten\" \/>\n<script type=\"application\/ld+json\" class=\"yoast-schema-graph\">{\"@context\":\"https:\/\/schema.org\",\"@graph\":[{\"@type\":\"WebPage\",\"@id\":\"https:\/\/www.ferronero.com\/de\/serie\/fuer-sie-entworfen\/\",\"url\":\"https:\/\/www.ferronero.com\/de\/serie\/fuer-sie-entworfen\/\",\"name\":\"Radiatori artigianali Ferronero: progettati per voi\",\"isPartOf\":{\"@id\":\"https:\/\/www.ferronero.com\/de\/#website\"},\"datePublished\":\"2016-11-01T15:13:16+00:00\",\"dateModified\":\"2018-03-20T01:49:34+00:00\",\"description\":\"Radiatori artigianali Ferronero: progettati per voi. Ispirati dalle vostre idee e realizzati su misura per le vostre esigenze.\",\"breadcrumb\":{\"@id\":\"https:\/\/www.ferronero.com\/de\/serie\/fuer-sie-entworfen\/#breadcrumb\"},\"inLanguage\":\"de\",\"potentialAction\":[{\"@type\":\"ReadAction\",\"target\":[\"https:\/\/www.ferronero.com\/de\/serie\/fuer-sie-entworfen\/\"]}]},{\"@type\":\"BreadcrumbList\",\"@id\":\"https:\/\/www.ferronero.com\/de\/serie\/fuer-sie-entworfen\/#breadcrumb\",\"itemListElement\":[{\"@type\":\"ListItem\",\"position\":1,\"name\":\"Home\",\"item\":\"https:\/\/www.ferronero.com\/de\/\"},{\"@type\":\"ListItem\",\"position\":2,\"name\":\"Heizk\u00f6rper-Serie\",\"item\":\"https:\/\/www.ferronero.com\/de\/serie\/\"},{\"@type\":\"ListItem\",\"position\":3,\"name\":\"F\u00fcr sie entworfen\"}]},{\"@type\":\"WebSite\",\"@id\":\"https:\/\/www.ferronero.com\/de\/#website\",\"url\":\"https:\/\/www.ferronero.com\/de\/\",\"name\":\"Ferronero\",\"description\":\"Design caloriferi radiatori - Termosifoni Ferronero\",\"publisher\":{\"@id\":\"https:\/\/www.ferronero.com\/de\/#organization\"},\"potentialAction\":[{\"@type\":\"SearchAction\",\"target\":{\"@type\":\"EntryPoint\",\"urlTemplate\":\"https:\/\/www.ferronero.com\/de\/?s={search_term_string}\"},\"query-input\":{\"@type\":\"PropertyValueSpecification\",\"valueRequired\":true,\"valueName\":\"search_term_string\"}}],\"inLanguage\":\"de\"},{\"@type\":\"Organization\",\"@id\":\"https:\/\/www.ferronero.com\/de\/#organization\",\"name\":\"Ferronero\",\"url\":\"https:\/\/www.ferronero.com\/de\/\",\"logo\":{\"@type\":\"ImageObject\",\"inLanguage\":\"de\",\"@id\":\"https:\/\/www.ferronero.com\/de\/#\/schema\/logo\/image\/\",\"url\":\"https:\/\/www.ferronero.com\/wp-content\/uploads\/2016\/11\/logo.png\",\"contentUrl\":\"https:\/\/www.ferronero.com\/wp-content\/uploads\/2016\/11\/logo.png\",\"width\":340,\"height\":156,\"caption\":\"Ferronero\"},\"image\":{\"@id\":\"https:\/\/www.ferronero.com\/de\/#\/schema\/logo\/image\/\"},\"sameAs\":[\"https:\/\/www.facebook.com\/Ferronero-383241975191615\/?ref=hl\",\"https:\/\/it.pinterest.com\/ferronero\/\",\"https:\/\/www.youtube.com\/watch?v=454_6oO2HKE&amp;amp;amp;feature=youtu.be\"]}]}<\/script>\n<!-- \/ Yoast SEO plugin. -->","yoast_head_json":{"title":"Radiatori artigianali Ferronero: progettati per voi","description":"Radiatori artigianali Ferronero: progettati per voi. Ispirati dalle vostre idee e realizzati su misura per le vostre esigenze.","robots":{"index":"index","follow":"follow","max-snippet":"max-snippet:-1","max-image-preview":"max-image-preview:large","max-video-preview":"max-video-preview:-1"},"canonical":"https:\/\/www.ferronero.com\/de\/serie\/fuer-sie-entworfen\/","og_locale":"de_DE","og_type":"article","og_title":"Radiatori artigianali Ferronero: progettati per voi","og_description":"Radiatori artigianali Ferronero: progettati per voi. Ispirati dalle vostre idee e realizzati su misura per le vostre esigenze.","og_url":"https:\/\/www.ferronero.com\/de\/serie\/fuer-sie-entworfen\/","og_site_name":"Ferronero","article_publisher":"https:\/\/www.facebook.com\/Ferronero-383241975191615\/?ref=hl","article_modified_time":"2018-03-20T01:49:34+00:00","twitter_card":"summary_large_image","twitter_misc":{"Gesch\u00e4tzte Lesezeit":"3\u00a0Minuten"},"schema":{"@context":"https:\/\/schema.org","@graph":[{"@type":"WebPage","@id":"https:\/\/www.ferronero.com\/de\/serie\/fuer-sie-entworfen\/","url":"https:\/\/www.ferronero.com\/de\/serie\/fuer-sie-entworfen\/","name":"Radiatori artigianali Ferronero: progettati per voi","isPartOf":{"@id":"https:\/\/www.ferronero.com\/de\/#website"},"datePublished":"2016-11-01T15:13:16+00:00","dateModified":"2018-03-20T01:49:34+00:00","description":"Radiatori artigianali Ferronero: progettati per voi. Ispirati dalle vostre idee e realizzati su misura per le vostre esigenze.","breadcrumb":{"@id":"https:\/\/www.ferronero.com\/de\/serie\/fuer-sie-entworfen\/#breadcrumb"},"inLanguage":"de","potentialAction":[{"@type":"ReadAction","target":["https:\/\/www.ferronero.com\/de\/serie\/fuer-sie-entworfen\/"]}]},{"@type":"BreadcrumbList","@id":"https:\/\/www.ferronero.com\/de\/serie\/fuer-sie-entworfen\/#breadcrumb","itemListElement":[{"@type":"ListItem","position":1,"name":"Home","item":"https:\/\/www.ferronero.com\/de\/"},{"@type":"ListItem","position":2,"name":"Heizk\u00f6rper-Serie","item":"https:\/\/www.ferronero.com\/de\/serie\/"},{"@type":"ListItem","position":3,"name":"F\u00fcr sie entworfen"}]},{"@type":"WebSite","@id":"https:\/\/www.ferronero.com\/de\/#website","url":"https:\/\/www.ferronero.com\/de\/","name":"Ferronero","description":"Design caloriferi radiatori - Termosifoni Ferronero","publisher":{"@id":"https:\/\/www.ferronero.com\/de\/#organization"},"potentialAction":[{"@type":"SearchAction","target":{"@type":"EntryPoint","urlTemplate":"https:\/\/www.ferronero.com\/de\/?s={search_term_string}"},"query-input":{"@type":"PropertyValueSpecification","valueRequired":true,"valueName":"search_term_string"}}],"inLanguage":"de"},{"@type":"Organization","@id":"https:\/\/www.ferronero.com\/de\/#organization","name":"Ferronero","url":"https:\/\/www.ferronero.com\/de\/","logo":{"@type":"ImageObject","inLanguage":"de","@id":"https:\/\/www.ferronero.com\/de\/#\/schema\/logo\/image\/","url":"https:\/\/www.ferronero.com\/wp-content\/uploads\/2016\/11\/logo.png","contentUrl":"https:\/\/www.ferronero.com\/wp-content\/uploads\/2016\/11\/logo.png","width":340,"height":156,"caption":"Ferronero"},"image":{"@id":"https:\/\/www.ferronero.com\/de\/#\/schema\/logo\/image\/"},"sameAs":["https:\/\/www.facebook.com\/Ferronero-383241975191615\/?ref=hl","https:\/\/it.pinterest.com\/ferronero\/","https:\/\/www.youtube.com\/watch?v=454_6oO2HKE&amp;amp;amp;feature=youtu.be"]}]}},"_links":{"self":[{"href":"https:\/\/www.ferronero.com\/de\/wp-json\/wp\/v2\/pages\/839","targetHints":{"allow":["GET"]}}],"collection":[{"href":"https:\/\/www.ferronero.com\/de\/wp-json\/wp\/v2\/pages"}],"about":[{"href":"https:\/\/www.ferronero.com\/de\/wp-json\/wp\/v2\/types\/page"}],"author":[{"embeddable":true,"href":"https:\/\/www.ferronero.com\/de\/wp-json\/wp\/v2\/users\/1"}],"replies":[{"embeddable":true,"href":"https:\/\/www.ferronero.com\/de\/wp-json\/wp\/v2\/comments?post=839"}],"version-history":[{"count":10,"href":"https:\/\/www.ferronero.com\/de\/wp-json\/wp\/v2\/pages\/839\/revisions"}],"predecessor-version":[{"id":1528,"href":"https:\/\/www.ferronero.com\/de\/wp-json\/wp\/v2\/pages\/839\/revisions\/1528"}],"up":[{"embeddable":true,"href":"https:\/\/www.ferronero.com\/de\/wp-json\/wp\/v2\/pages\/831"}],"wp:attachment":[{"href":"https:\/\/www.ferronero.com\/de\/wp-json\/wp\/v2\/media?parent=839"}],"curies":[{"name":"wp","href":"https:\/\/api.w.org\/{rel}","templated":true}]}}